{"id":6855,"date":"2026-04-12T11:36:15","date_gmt":"2026-04-12T11:36:15","guid":{"rendered":"https:\/\/ailagpt.com\/?page_id=6855"},"modified":"2026-04-14T19:14:09","modified_gmt":"2026-04-14T19:14:09","slug":"teaser","status":"publish","type":"page","link":"https:\/\/ailagpt.com\/sl\/teaser\/","title":{"rendered":"Teaser"},"content":{"rendered":"<div data-elementor-type=\"wp-page\" data-elementor-id=\"6855\" class=\"elementor elementor-6855\">\n\t\t\t\t\t\t<section class=\"elementor-section elementor-top-section elementor-element elementor-element-6ac04e3 is-fixed ot-traditional elementor-section-boxed elementor-section-height-default elementor-section-height-default\" data-id=\"6ac04e3\" data-element_type=\"section\" data-settings=\"{&quot;background_background&quot;:&quot;classic&quot;}\">\n\t\t\t\t\t\t<div class=\"elementor-container elementor-column-gap-extended\">\n\t\t\t\t\t<div class=\"elementor-column elementor-col-50 elementor-top-column elementor-element elementor-element-82bbb62 ot-column-items-center ot-flex-column-vertical\" data-id=\"82bbb62\" data-element_type=\"column\">\n\t\t\t<div class=\"elementor-widget-wrap elementor-element-populated\">\n\t\t\t\t\t\t<div class=\"elementor-element elementor-element-01251ed elementor-widget elementor-widget-heading\" data-id=\"01251ed\" data-element_type=\"widget\" data-widget_type=\"heading.default\">\n\t\t\t\t<div class=\"elementor-widget-container\">\n\t\t\t\t\t<h2 class=\"elementor-heading-title elementor-size-default\">COMING SOON: <br>AILA 2.0 Sovereign AI &amp; Agentic Platform<\/h2>\t\t\t\t<\/div>\n\t\t\t\t<\/div>\n\t\t\t\t\t<\/div>\n\t\t<\/div>\n\t\t\t\t<div class=\"elementor-column elementor-col-50 elementor-top-column elementor-element elementor-element-e58b16d ot-flex-column-vertical\" data-id=\"e58b16d\" data-element_type=\"column\">\n\t\t\t<div class=\"elementor-widget-wrap elementor-element-populated\">\n\t\t\t\t\t\t<div class=\"elementor-element elementor-element-8db8374 elementor-widget elementor-widget-image\" data-id=\"8db8374\" data-element_type=\"widget\" data-widget_type=\"image.default\">\n\t\t\t\t<div class=\"elementor-widget-container\">\n\t\t\t\t\t\t\t\t\t\t\t\t\t\t\t<img fetchpriority=\"high\" decoding=\"async\" width=\"720\" height=\"720\" src=\"https:\/\/ailagpt.com\/wp-content\/uploads\/2024\/12\/aila-hero.png\" class=\"attachment-full size-full wp-image-6509\" alt=\"\" srcset=\"https:\/\/ailagpt.com\/wp-content\/uploads\/2024\/12\/aila-hero.png 720w, https:\/\/ailagpt.com\/wp-content\/uploads\/2024\/12\/aila-hero-300x300.png 300w, https:\/\/ailagpt.com\/wp-content\/uploads\/2024\/12\/aila-hero-150x150.png 150w, https:\/\/ailagpt.com\/wp-content\/uploads\/2024\/12\/aila-hero-12x12.png 12w\" sizes=\"(max-width: 720px) 100vw, 720px\" \/>\t\t\t\t\t\t\t\t\t\t\t\t\t\t\t<\/div>\n\t\t\t\t<\/div>\n\t\t\t\t\t<\/div>\n\t\t<\/div>\n\t\t\t\t\t<\/div>\n\t\t<\/section>\n\t\t<div class=\"elementor-element elementor-element-44a6e1c e-grid e-con-boxed e-con e-parent\" data-id=\"44a6e1c\" data-element_type=\"container\" data-settings=\"{&quot;background_background&quot;:&quot;classic&quot;}\">\n\t\t\t\t\t<div class=\"e-con-inner\">\n\t\t\t\t<div class=\"elementor-element elementor-element-d828e0f ot-view-stacked ot-position-top elementor-widget elementor-widget-ot-iconbox-normal\" data-id=\"d828e0f\" data-element_type=\"widget\" data-widget_type=\"ot-iconbox-normal.default\">\n\t\t\t\t<div class=\"elementor-widget-container\">\n\t\t\t\t\t\t\t<div class=\"ot-icon-box box-content\">\r\n\t\t\t\t\t\t<div class=\"ot-icon-box__icon\">\r\n\t\t\t\t<svg aria-hidden=\"true\" class=\"e-font-icon-svg e-fas-lock\" viewbox=\"0 0 448 512\" xmlns=\"http:\/\/www.w3.org\/2000\/svg\"><path d=\"M400 224h-24v-72C376 68.2 307.8 0 224 0S72 68.2 72 152v72H48c-26.5 0-48 21.5-48 48v192c0 26.5 21.5 48 48 48h352c26.5 0 48-21.5 48-48V272c0-26.5-21.5-48-48-48zm-104 0H152v-72c0-39.7 32.3-72 72-72s72 32.3 72 72v72z\"><\/path><\/svg>\t        <\/div>\r\n\t        \t        <div class=\"ot-icon-box__content\">\r\n\t        \t<h4 class=\"icon-box-title\"><a href=\"#\">Sovereign deployment<\/a><\/h4>\t\t\t\t<p class=\"icon-box-des\">Your data, your models, your infrastructure. Complete isolation from public LLMs.<\/p>\t\t\t\t\t\t\t<\/div>\t\r\n\t    <\/div>\r\n\t    \t\t\t\t<\/div>\n\t\t\t\t<\/div>\n\t\t\t\t<div class=\"elementor-element elementor-element-f1eea43 ot-view-stacked ot-position-top elementor-widget elementor-widget-ot-iconbox-normal\" data-id=\"f1eea43\" data-element_type=\"widget\" data-widget_type=\"ot-iconbox-normal.default\">\n\t\t\t\t<div class=\"elementor-widget-container\">\n\t\t\t\t\t\t\t<div class=\"ot-icon-box box-content\">\r\n\t\t\t\t\t\t<div class=\"ot-icon-box__icon\">\r\n\t\t\t\t<svg aria-hidden=\"true\" class=\"e-font-icon-svg e-fas-robot\" viewbox=\"0 0 640 512\" xmlns=\"http:\/\/www.w3.org\/2000\/svg\"><path d=\"M32,224H64V416H32A31.96166,31.96166,0,0,1,0,384V256A31.96166,31.96166,0,0,1,32,224Zm512-48V448a64.06328,64.06328,0,0,1-64,64H160a64.06328,64.06328,0,0,1-64-64V176a79.974,79.974,0,0,1,80-80H288V32a32,32,0,0,1,64,0V96H464A79.974,79.974,0,0,1,544,176ZM264,256a40,40,0,1,0-40,40A39.997,39.997,0,0,0,264,256Zm-8,128H192v32h64Zm96,0H288v32h64ZM456,256a40,40,0,1,0-40,40A39.997,39.997,0,0,0,456,256Zm-8,128H384v32h64ZM640,256V384a31.96166,31.96166,0,0,1-32,32H576V224h32A31.96166,31.96166,0,0,1,640,256Z\"><\/path><\/svg>\t        <\/div>\r\n\t        \t        <div class=\"ot-icon-box__content\">\r\n\t        \t<h4 class=\"icon-box-title\"><a href=\"#\">True agentic AI<\/a><\/h4>\t\t\t\t<p class=\"icon-box-des\">Beyond simple chat. Agents that execute complex banking workflows with precision.<\/p>\t\t\t\t\t\t\t<\/div>\t\r\n\t    <\/div>\r\n\t    \t\t\t\t<\/div>\n\t\t\t\t<\/div>\n\t\t\t\t<div class=\"elementor-element elementor-element-95dc82f ot-view-stacked ot-position-top elementor-widget elementor-widget-ot-iconbox-normal\" data-id=\"95dc82f\" data-element_type=\"widget\" data-widget_type=\"ot-iconbox-normal.default\">\n\t\t\t\t<div class=\"elementor-widget-container\">\n\t\t\t\t\t\t\t<div class=\"ot-icon-box box-content\">\r\n\t\t\t\t\t\t<div class=\"ot-icon-box__icon\">\r\n\t\t\t\t<svg aria-hidden=\"true\" class=\"e-font-icon-svg e-fas-hammer\" viewbox=\"0 0 576 512\" xmlns=\"http:\/\/www.w3.org\/2000\/svg\"><path d=\"M571.31 193.94l-22.63-22.63c-6.25-6.25-16.38-6.25-22.63 0l-11.31 11.31-28.9-28.9c5.63-21.31.36-44.9-16.35-61.61l-45.25-45.25c-62.48-62.48-163.79-62.48-226.28 0l90.51 45.25v18.75c0 16.97 6.74 33.25 18.75 45.25l49.14 49.14c16.71 16.71 40.3 21.98 61.61 16.35l28.9 28.9-11.31 11.31c-6.25 6.25-6.25 16.38 0 22.63l22.63 22.63c6.25 6.25 16.38 6.25 22.63 0l90.51-90.51c6.23-6.24 6.23-16.37-.02-22.62zm-286.72-15.2c-3.7-3.7-6.84-7.79-9.85-11.95L19.64 404.96c-25.57 23.88-26.26 64.19-1.53 88.93s65.05 24.05 88.93-1.53l238.13-255.07c-3.96-2.91-7.9-5.87-11.44-9.41l-49.14-49.14z\"><\/path><\/svg>\t        <\/div>\r\n\t        \t        <div class=\"ot-icon-box__content\">\r\n\t        \t<h4 class=\"icon-box-title\"><a href=\"#\">Governance by design<\/a><\/h4>\t\t\t\t<p class=\"icon-box-des\">Built-in audit trails, compliance guardrails, and deterministic control mechanisms.<\/p>\t\t\t\t\t\t\t<\/div>\t\r\n\t    <\/div>\r\n\t    \t\t\t\t<\/div>\n\t\t\t\t<\/div>\n\t\t\t\t<div class=\"elementor-element elementor-element-1f0292a ot-view-stacked ot-position-top elementor-widget elementor-widget-ot-iconbox-normal\" data-id=\"1f0292a\" data-element_type=\"widget\" data-widget_type=\"ot-iconbox-normal.default\">\n\t\t\t\t<div class=\"elementor-widget-container\">\n\t\t\t\t\t\t\t<div class=\"ot-icon-box box-content\">\r\n\t\t\t\t\t\t<div class=\"ot-icon-box__icon\">\r\n\t\t\t\t<svg aria-hidden=\"true\" class=\"e-font-icon-svg e-fas-bolt\" viewbox=\"0 0 320 512\" xmlns=\"http:\/\/www.w3.org\/2000\/svg\"><path d=\"M296 160H180.6l42.6-129.8C227.2 15 215.7 0 200 0H56C44 0 33.8 8.9 32.2 20.8l-32 240C-1.7 275.2 9.5 288 24 288h118.7L96.6 482.5c-3.6 15.2 8 29.5 23.3 29.5 8.4 0 16.4-4.4 20.8-12l176-304c9.3-15.9-2.2-36-20.7-36z\"><\/path><\/svg>\t        <\/div>\r\n\t        \t        <div class=\"ot-icon-box__content\">\r\n\t        \t<h4 class=\"icon-box-title\"><a href=\"#\">Live in weeks<\/a><\/h4>\t\t\t\t<p class=\"icon-box-des\">Fast-track deployment with pre-configured banking modules and secure connectors.<\/p>\t\t\t\t\t\t\t<\/div>\t\r\n\t    <\/div>\r\n\t    \t\t\t\t<\/div>\n\t\t\t\t<\/div>\n\t\t\t\t\t<\/div>\n\t\t\t\t<\/div>\n\t\t<div class=\"elementor-element elementor-element-61ccb78 e-flex e-con-boxed e-con e-parent\" data-id=\"61ccb78\" data-element_type=\"container\">\n\t\t\t\t\t<div class=\"e-con-inner\">\n\t\t\t\t<div class=\"elementor-element elementor-element-15be6fd elementor-widget elementor-widget-heading\" data-id=\"15be6fd\" data-element_type=\"widget\" data-widget_type=\"heading.default\">\n\t\t\t\t<div class=\"elementor-widget-container\">\n\t\t\t\t\t<h2 class=\"elementor-heading-title elementor-size-default\">Public launch of AILA 2.0 - May 21, 2026,  <br> Grand Plaza Hotel, Ljubljana.<\/h2>\t\t\t\t<\/div>\n\t\t\t\t<\/div>\n\t\t\t\t<div class=\"elementor-element elementor-element-8caa2bd elementor-tablet-align-right elementor-mobile-align-center elementor-align-center elementor-widget elementor-widget-ibutton\" data-id=\"8caa2bd\" data-element_type=\"widget\" data-widget_type=\"ibutton.default\">\n\t\t\t\t<div class=\"elementor-widget-container\">\n\t\t\t\t\t\t\t<div class=\"ot-button\">\r\n\t\t\t<a href=\"https:\/\/creaplus.com\/creaplus-ai-day\/\" class=\"bg-gradient octf-btn octf-btn-primary\">REGISTER FOR LAUNCH EVENT<\/a>\r\n\t    <\/div>\r\n\t    \t\t\t\t<\/div>\n\t\t\t\t<\/div>\n\t\t\t\t<div class=\"elementor-element elementor-element-88db812 elementor-tablet-align-right elementor-mobile-align-center elementor-align-center popmake-6904 elementor-widget elementor-widget-ibutton\" data-id=\"88db812\" data-element_type=\"widget\" data-widget_type=\"ibutton.default\">\n\t\t\t\t<div class=\"elementor-widget-container\">\n\t\t\t\t\t\t\t<div class=\"ot-button\">\r\n\t\t\t<a class=\"octf-btn octf-btn-primary\">REQUEST SALES MEETING<\/a>\r\n\t    <\/div>\r\n\t    \t\t\t\t<\/div>\n\t\t\t\t<\/div>\n\t\t\t\t\t<\/div>\n\t\t\t\t<\/div>\n\t\t<div class=\"elementor-element elementor-element-d282190 e-flex e-con-boxed e-con e-parent\" data-id=\"d282190\" data-element_type=\"container\" data-settings=\"{&quot;background_background&quot;:&quot;classic&quot;}\">\n\t\t\t\t\t<div class=\"e-con-inner\">\n\t\t\t\t<div class=\"elementor-element elementor-element-ccc898e elementor-widget elementor-widget-shortcode\" data-id=\"ccc898e\" data-element_type=\"widget\" data-widget_type=\"shortcode.default\">\n\t\t\t\t<div class=\"elementor-widget-container\">\n\t\t\t\t\t\t\t<div class=\"elementor-shortcode\">\n<div class=\"wpcf7 no-js\" id=\"wpcf7-f1379-o1\" lang=\"en-US\" dir=\"ltr\" data-wpcf7-id=\"1379\">\n<div class=\"screen-reader-response\"><p role=\"status\" aria-live=\"polite\" aria-atomic=\"true\"><\/p> <ul><\/ul><\/div>\n<form action=\"\/sl\/wp-json\/wp\/v2\/pages\/6855#wpcf7-f1379-o1\" method=\"post\" class=\"wpcf7-form init\" aria-label=\"Contact form\" novalidate=\"novalidate\" data-status=\"init\" data-trp-original-action=\"\/sl\/wp-json\/wp\/v2\/pages\/6855#wpcf7-f1379-o1\">\n<fieldset class=\"hidden-fields-container\"><input type=\"hidden\" name=\"_wpcf7\" value=\"1379\" \/><input type=\"hidden\" name=\"_wpcf7_version\" value=\"6.1\" \/><input type=\"hidden\" name=\"_wpcf7_locale\" value=\"en_US\" \/><input type=\"hidden\" name=\"_wpcf7_unit_tag\" value=\"wpcf7-f1379-o1\" \/><input type=\"hidden\" name=\"_wpcf7_container_post\" value=\"0\" \/><input type=\"hidden\" name=\"_wpcf7_posted_data_hash\" value=\"\" \/><input type=\"hidden\" name=\"_wpcf7_recaptcha_response\" value=\"\" \/>\n<\/fieldset>\n<div class=\"main-form\" style=\"background-color: #0A57A9 !important; border-radius: 16px; background-image: unset !important;\">\n\t<h2>\u017delite izvedeti ve\u010d? Pove\u017eimo se!\n\t<\/h2>\n\t<p class=\"font14\">Obvezna polja so ozna\u010dena z *\n\t<\/p>\n\t<p><span class=\"wpcf7-form-control-wrap\" data-name=\"your-first-name\"><input size=\"40\" maxlength=\"400\" class=\"wpcf7-form-control wpcf7-text wpcf7-validates-as-required\" aria-required=\"true\" aria-invalid=\"false\" placeholder=\"Va\u0161e ime *\" value=\"\" type=\"text\" name=\"your-first-name\" \/><\/span>\n\t<\/p>\n\t<p><span class=\"wpcf7-form-control-wrap\" data-name=\"your-last-name\"><input size=\"40\" maxlength=\"400\" class=\"wpcf7-form-control wpcf7-text wpcf7-validates-as-required\" aria-required=\"true\" aria-invalid=\"false\" placeholder=\"Va\u0161 priimek *\" value=\"\" type=\"text\" name=\"your-last-name\" \/><\/span>\n\t<\/p>\n\t<p><span class=\"wpcf7-form-control-wrap\" data-name=\"your-phone\"><input size=\"40\" maxlength=\"400\" class=\"wpcf7-form-control wpcf7-tel wpcf7-text wpcf7-validates-as-tel\" aria-invalid=\"false\" placeholder=\"Va\u0161a telefonska \u0161tevilka\" value=\"\" type=\"tel\" name=\"your-phone\" \/><\/span>\n\t<\/p>\n\t<p><span class=\"wpcf7-form-control-wrap\" data-name=\"your-email\"><input size=\"40\" maxlength=\"400\" class=\"wpcf7-form-control wpcf7-email wpcf7-validates-as-required wpcf7-text wpcf7-validates-as-email\" aria-required=\"true\" aria-invalid=\"false\" placeholder=\"Va\u0161 e-po\u0161tni naslov *\" value=\"\" type=\"email\" name=\"your-email\" \/><\/span>\n\t<\/p>\n\t<p><span class=\"wpcf7-form-control-wrap\" data-name=\"company-name\"><input size=\"40\" maxlength=\"400\" class=\"wpcf7-form-control wpcf7-text wpcf7-validates-as-required\" aria-required=\"true\" aria-invalid=\"false\" placeholder=\"Ime podjetja *\" value=\"\" type=\"text\" name=\"company-name\" \/><\/span>\n\t<\/p>\n\t<p><span class=\"wpcf7-form-control-wrap\" data-name=\"company-position\"><input size=\"40\" maxlength=\"400\" class=\"wpcf7-form-control wpcf7-text wpcf7-validates-as-required\" aria-required=\"true\" aria-invalid=\"false\" placeholder=\"Polo\u017eaj v podjetju *\" value=\"\" type=\"text\" name=\"company-position\" \/><\/span>\n\t<\/p>\n\t<p><span class=\"wpcf7-form-control-wrap\" data-name=\"your-message\"><textarea cols=\"40\" rows=\"10\" maxlength=\"2000\" class=\"wpcf7-form-control wpcf7-textarea\" aria-invalid=\"false\" placeholder=\"Sporo\u010dilo...\" name=\"your-message\"><\/textarea><\/span>\n\t<\/p>\n\t<div class=\"ot-button\">\n\t\t<p><button type=\"submit\" class=\"octf-btn octf-btn-primary form-submit-btn\">Po\u0161lji<\/button>\n\t\t<\/p>\n\t<\/div>\n<\/div>\n<style>\n .form-submit-btn {\n background-color: white;\n border-radius: 12px;\n color: #000000;\n text-transform: none;\n font-family: 'DM Sans', sans-serif;\n font-size: 16px;\n font-weight: 500;\n transition: background-color 0.3s, color 0.3s;\n }\n\n .form-submit-btn:hover {\n background-color: #000000;\n color: #ffffff;\n }\n<\/style><input type='hidden' class='wpcf7-pum' value='{\"closepopup\":false,\"closedelay\":0,\"openpopup\":false,\"openpopup_id\":0}' \/><div class=\"wpcf7-response-output\" aria-hidden=\"true\"><\/div>\n<input type=\"hidden\" name=\"trp-form-language\" value=\"sl\"\/><\/form>\n<\/div>\n<\/div>\n\t\t\t\t\t\t<\/div>\n\t\t\t\t<\/div>\n\t\t\t\t\t<\/div>\n\t\t\t\t<\/div>\n\t\t\t\t<\/div>","protected":false},"excerpt":{"rendered":"<p>COMING SOON: AILA 2.0 Sovereign AI &amp; Agentic Platform Sovereign deployment Your data, your models, your infrastructure. Complete isolation from public LLMs. True agentic AI Beyond simple chat. Agents that execute complex banking workflows with precision. Governance by design Built-in audit trails, compliance guardrails, and deterministic control mechanisms. Live in weeks Fast-track deployment with pre-configured [&hellip;]<\/p>","protected":false},"author":6,"featured_media":0,"parent":0,"menu_order":0,"comment_status":"closed","ping_status":"closed","template":"","meta":{"footnotes":""},"class_list":["post-6855","page","type-page","status-publish","hentry"],"_links":{"self":[{"href":"https:\/\/ailagpt.com\/sl\/wp-json\/wp\/v2\/pages\/6855","targetHints":{"allow":["GET"]}}],"collection":[{"href":"https:\/\/ailagpt.com\/sl\/wp-json\/wp\/v2\/pages"}],"about":[{"href":"https:\/\/ailagpt.com\/sl\/wp-json\/wp\/v2\/types\/page"}],"author":[{"embeddable":true,"href":"https:\/\/ailagpt.com\/sl\/wp-json\/wp\/v2\/users\/6"}],"replies":[{"embeddable":true,"href":"https:\/\/ailagpt.com\/sl\/wp-json\/wp\/v2\/comments?post=6855"}],"version-history":[{"count":41,"href":"https:\/\/ailagpt.com\/sl\/wp-json\/wp\/v2\/pages\/6855\/revisions"}],"predecessor-version":[{"id":6908,"href":"https:\/\/ailagpt.com\/sl\/wp-json\/wp\/v2\/pages\/6855\/revisions\/6908"}],"wp:attachment":[{"href":"https:\/\/ailagpt.com\/sl\/wp-json\/wp\/v2\/media?parent=6855"}],"curies":[{"name":"wp","href":"https:\/\/api.w.org\/{rel}","templated":true}]}}